{"id":668,"date":"2024-10-26T23:30:09","date_gmt":"2024-10-26T23:30:09","guid":{"rendered":"https:\/\/pyf.jqs.temporary.site\/?page_id=668"},"modified":"2024-11-24T23:47:51","modified_gmt":"2024-11-24T23:47:51","slug":"nosotros","status":"publish","type":"page","link":"https:\/\/familyinsuranceagencycorp.com\/en\/nosotros\/","title":{"rendered":"Us"},"content":{"rendered":"<div data-elementor-type=\"wp-page\" data-elementor-id=\"668\" class=\"elementor elementor-668\" data-elementor-post-type=\"page\">\n\t\t\t\t<div class=\"elementor-element elementor-element-38f8a08 e-con-full e-flex e-con e-parent\" data-id=\"38f8a08\" data-element_type=\"container\" data-e-type=\"container\" data-settings=\"{&quot;background_background&quot;:&quot;classic&quot;}\">\n\t\t\t\t<div class=\"elementor-element elementor-element-3ba451a elementor-widget elementor-widget-heading\" data-id=\"3ba451a\" data-element_type=\"widget\" data-e-type=\"widget\" data-widget_type=\"heading.default\">\n\t\t\t\t<div class=\"elementor-widget-container\">\n\t\t\t\t\t<h2 class=\"elementor-heading-title elementor-size-default\">Who are we?<\/h2>\t\t\t\t<\/div>\n\t\t\t\t<\/div>\n\t\t\t\t<div class=\"elementor-element elementor-element-63f552c elementor-widget__width-initial elementor-widget-divider--view-line elementor-widget elementor-widget-divider\" data-id=\"63f552c\" data-element_type=\"widget\" data-e-type=\"widget\" data-widget_type=\"divider.default\">\n\t\t\t\t<div class=\"elementor-widget-container\">\n\t\t\t\t\t\t\t<div class=\"elementor-divider\">\n\t\t\t<span class=\"elementor-divider-separator\">\n\t\t\t\t\t\t<\/span>\n\t\t<\/div>\n\t\t\t\t\t\t<\/div>\n\t\t\t\t<\/div>\n\t\t\t\t<\/div>\n\t\t<div class=\"elementor-element elementor-element-a7dad5a e-con-full e-flex e-con e-parent\" data-id=\"a7dad5a\" data-element_type=\"container\" data-e-type=\"container\">\n\t\t\t\t<div class=\"elementor-element elementor-element-71c28ef elementor-widget__width-initial elementor-widget-mobile__width-initial elementor-widget elementor-widget-image\" data-id=\"71c28ef\" data-element_type=\"widget\" data-e-type=\"widget\" data-widget_type=\"image.default\">\n\t\t\t\t<div class=\"elementor-widget-container\">\n\t\t\t\t\t\t\t\t\t\t\t\t\t\t\t<img fetchpriority=\"high\" decoding=\"async\" width=\"778\" height=\"665\" src=\"https:\/\/familyinsuranceagencycorp.com\/wp-content\/uploads\/2024\/11\/CARROS.jpg\" class=\"attachment-full size-full wp-image-1135\" alt=\"\" srcset=\"https:\/\/familyinsuranceagencycorp.com\/wp-content\/uploads\/2024\/11\/CARROS.jpg 778w, https:\/\/familyinsuranceagencycorp.com\/wp-content\/uploads\/2024\/11\/CARROS-300x256.jpg 300w, https:\/\/familyinsuranceagencycorp.com\/wp-content\/uploads\/2024\/11\/CARROS-768x656.jpg 768w, https:\/\/familyinsuranceagencycorp.com\/wp-content\/uploads\/2024\/11\/CARROS-14x12.jpg 14w\" sizes=\"(max-width: 778px) 100vw, 778px\" \/>\t\t\t\t\t\t\t\t\t\t\t\t\t\t\t<\/div>\n\t\t\t\t<\/div>\n\t\t\t\t<div class=\"elementor-element elementor-element-a558ce2 elementor-widget__width-initial elementor-widget elementor-widget-text-editor\" data-id=\"a558ce2\" data-element_type=\"widget\" data-e-type=\"widget\" data-widget_type=\"text-editor.default\">\n\t\t\t\t<div class=\"elementor-widget-container\">\n\t\t\t\t\t\t\t\t\t<p>We are distinguished by our exclusive approach to our community, which allows us to have a deep knowledge of the local market and offer a personalized service.<\/p>\t\t\t\t\t\t\t\t<\/div>\n\t\t\t\t<\/div>\n\t\t\t\t<\/div>\n\t\t<div class=\"elementor-element elementor-element-bb1277d e-con-full e-flex e-con e-parent\" data-id=\"bb1277d\" data-element_type=\"container\" data-e-type=\"container\" data-settings=\"{&quot;background_background&quot;:&quot;classic&quot;}\">\n\t\t\t\t<div class=\"elementor-element elementor-element-9d5b507 elementor-widget__width-initial elementor-widget elementor-widget-text-editor\" data-id=\"9d5b507\" data-element_type=\"widget\" data-e-type=\"widget\" data-widget_type=\"text-editor.default\">\n\t\t\t\t<div class=\"elementor-widget-container\">\n\t\t\t\t\t\t\t\t\t<p>If you are in Virginia and looking for insurance to cover your personal or business needs, we are the best option.<\/p><p>Our commitment to customer satisfaction and expertise in the field make them a solid choice to protect your most valuable assets.<\/p>\t\t\t\t\t\t\t\t<\/div>\n\t\t\t\t<\/div>\n\t\t\t\t<div class=\"elementor-element elementor-element-d45c84c elementor-widget elementor-widget-heading\" data-id=\"d45c84c\" data-element_type=\"widget\" data-e-type=\"widget\" data-widget_type=\"heading.default\">\n\t\t\t\t<div class=\"elementor-widget-container\">\n\t\t\t\t\t<h2 class=\"elementor-heading-title elementor-size-default\"><a href=\"https:\/\/walink.co\/9ca657\">Call now! 703-941-4949<\/a><\/h2>\t\t\t\t<\/div>\n\t\t\t\t<\/div>\n\t\t\t\t<\/div>\n\t\t<div class=\"elementor-element elementor-element-b3855fc e-con-full e-flex e-con e-parent\" data-id=\"b3855fc\" data-element_type=\"container\" data-e-type=\"container\">\n\t\t\t\t<div class=\"elementor-element elementor-element-b82f89f elementor-widget-mobile__width-initial elementor-widget elementor-widget-heading\" data-id=\"b82f89f\" data-element_type=\"widget\" data-e-type=\"widget\" data-widget_type=\"heading.default\">\n\t\t\t\t<div class=\"elementor-widget-container\">\n\t\t\t\t\t<h2 class=\"elementor-heading-title elementor-size-default\">WHAT DOES LIABILITY INSURANCE INCLUDE?<\/h2>\t\t\t\t<\/div>\n\t\t\t\t<\/div>\n\t\t\t\t<div class=\"elementor-element elementor-element-4c5b541 elementor-widget__width-initial elementor-widget elementor-widget-text-editor\" data-id=\"4c5b541\" data-element_type=\"widget\" data-e-type=\"widget\" data-widget_type=\"text-editor.default\">\n\t\t\t\t<div class=\"elementor-widget-container\">\n\t\t\t\t\t\t\t\t\t<p>It is essential that you know that the minimum coverage levels required by the state are, as the name suggests, the minimum age you need to be in order to be able to legally drive. However, you also have the option of opting for additional liability coverage that offers a higher level of protection.<\/p><p><br \/>If you decide to choose this option, you will receive extra protection in case the damages are significant. Obtaining additional liability coverage can help protect you from potential significant personal liabilities in the future.<\/p>\t\t\t\t\t\t\t\t<\/div>\n\t\t\t\t<\/div>\n\t\t<div class=\"elementor-element elementor-element-95ef4ec e-con-full e-flex e-con e-child\" data-id=\"95ef4ec\" data-element_type=\"container\" data-e-type=\"container\" data-settings=\"{&quot;background_background&quot;:&quot;classic&quot;}\">\n\t\t\t\t<div class=\"elementor-element elementor-element-3439fa1 elementor-widget__width-initial elementor-widget elementor-widget-text-editor\" data-id=\"3439fa1\" data-element_type=\"widget\" data-e-type=\"widget\" data-widget_type=\"text-editor.default\">\n\t\t\t\t<div class=\"elementor-widget-container\">\n\t\t\t\t\t\t\t\t\t<p><!--StartFragment --><strong><span class=\"cf0\">Not only does Virginia require insurance for all drivers within its borders, but it can also impose significant penalties for anyone driving without the minimum coverage. Failure to comply with these rules can result in serious consequences.<\/span><\/strong><!--EndFragment --><\/p>\t\t\t\t\t\t\t\t<\/div>\n\t\t\t\t<\/div>\n\t\t\t\t<\/div>\n\t\t\t\t<\/div>\n\t\t<div class=\"elementor-element elementor-element-f815dae e-con-full e-flex e-con e-parent\" data-id=\"f815dae\" data-element_type=\"container\" data-e-type=\"container\">\n\t\t\t\t<div class=\"elementor-element elementor-element-e79c1eb elementor-widget__width-initial elementor-widget elementor-widget-text-editor\" data-id=\"e79c1eb\" data-element_type=\"widget\" data-e-type=\"widget\" data-widget_type=\"text-editor.default\">\n\t\t\t\t<div class=\"elementor-widget-container\">\n\t\t\t\t\t\t\t\t\t<p>Unlike many other states, one advantage for drivers in Virginia is that there is no possibility of jail time for this offense. In other jurisdictions, driving without insurance could lead to sentences of up to a year in jail.<\/p><p>In Virginia, the penalty for not having insurance involves a $600 non-compliance fee to the DMV. Additionally, your license could be suspended, you would have to pay fees to have it reinstated, and you may be required to obtain SR-22 insurance. This approach also differs from that of many other states, where penalties are often more severe for second and subsequent offenses.<\/p>\t\t\t\t\t\t\t\t<\/div>\n\t\t\t\t<\/div>\n\t\t\t\t<div class=\"elementor-element elementor-element-2b5c1aa elementor-widget elementor-widget-image\" data-id=\"2b5c1aa\" data-element_type=\"widget\" data-e-type=\"widget\" data-widget_type=\"image.default\">\n\t\t\t\t<div class=\"elementor-widget-container\">\n\t\t\t\t\t\t\t\t\t\t\t\t\t\t\t<img decoding=\"async\" width=\"702\" height=\"758\" src=\"https:\/\/familyinsuranceagencycorp.com\/wp-content\/uploads\/2024\/10\/foto-3.png\" class=\"attachment-full size-full wp-image-762\" alt=\"\" srcset=\"https:\/\/familyinsuranceagencycorp.com\/wp-content\/uploads\/2024\/10\/foto-3.png 702w, https:\/\/familyinsuranceagencycorp.com\/wp-content\/uploads\/2024\/10\/foto-3-278x300.png 278w\" sizes=\"(max-width: 702px) 100vw, 702px\" \/>\t\t\t\t\t\t\t\t\t\t\t\t\t\t\t<\/div>\n\t\t\t\t<\/div>\n\t\t\t\t<\/div>\n\t\t<div class=\"elementor-element elementor-element-aa7df91 e-con-full e-flex e-con e-parent\" data-id=\"aa7df91\" data-element_type=\"container\" data-e-type=\"container\" data-settings=\"{&quot;background_background&quot;:&quot;classic&quot;}\">\n\t\t\t\t<div class=\"elementor-element elementor-element-a62f939 elementor-widget__width-initial elementor-widget-mobile__width-initial elementor-widget elementor-widget-image\" data-id=\"a62f939\" data-element_type=\"widget\" data-e-type=\"widget\" data-widget_type=\"image.default\">\n\t\t\t\t<div class=\"elementor-widget-container\">\n\t\t\t\t\t\t\t\t\t\t\t\t\t\t\t<img decoding=\"async\" width=\"581\" height=\"573\" src=\"https:\/\/familyinsuranceagencycorp.com\/wp-content\/uploads\/2024\/10\/virginia-circulo-e1729998633691.png\" class=\"attachment-full size-full wp-image-776\" alt=\"\" srcset=\"https:\/\/familyinsuranceagencycorp.com\/wp-content\/uploads\/2024\/10\/virginia-circulo-e1729998633691.png 581w, https:\/\/familyinsuranceagencycorp.com\/wp-content\/uploads\/2024\/10\/virginia-circulo-e1729998633691-300x296.png 300w\" sizes=\"(max-width: 581px) 100vw, 581px\" \/>\t\t\t\t\t\t\t\t\t\t\t\t\t\t\t<\/div>\n\t\t\t\t<\/div>\n\t\t<div class=\"elementor-element elementor-element-3bd79e6 e-con-full e-flex e-con e-child\" data-id=\"3bd79e6\" data-element_type=\"container\" data-e-type=\"container\">\n\t\t\t\t<div class=\"elementor-element elementor-element-af588e6 elementor-widget elementor-widget-text-editor\" data-id=\"af588e6\" data-element_type=\"widget\" data-e-type=\"widget\" data-widget_type=\"text-editor.default\">\n\t\t\t\t<div class=\"elementor-widget-container\">\n\t\t\t\t\t\t\t\t\t<p>GET A QUOTE FOR THE INSURANCE THAT<\/p><p>YOU NEED IT NOW!<\/p>\t\t\t\t\t\t\t\t<\/div>\n\t\t\t\t<\/div>\n\t\t\t\t<div class=\"elementor-element elementor-element-475dada elementor-widget__width-initial elementor-widget elementor-widget-text-editor\" data-id=\"475dada\" data-element_type=\"widget\" data-e-type=\"widget\" data-widget_type=\"text-editor.default\">\n\t\t\t\t<div class=\"elementor-widget-container\">\n\t\t\t\t\t\t\t\t\t<p>If you drive, you must maintain the minimum level of insurance required by law. However, you may need additional coverage depending on your budget and requirements.<\/p>\t\t\t\t\t\t\t\t<\/div>\n\t\t\t\t<\/div>\n\t\t\t\t<div class=\"elementor-element elementor-element-be162ca elementor-align-center elementor-widget elementor-widget-button\" data-id=\"be162ca\" data-element_type=\"widget\" data-e-type=\"widget\" data-widget_type=\"button.default\">\n\t\t\t\t<div class=\"elementor-widget-container\">\n\t\t\t\t\t\t\t\t\t<div class=\"elementor-button-wrapper\">\n\t\t\t\t\t<a class=\"elementor-button elementor-button-link elementor-size-sm\" href=\"https:\/\/walink.co\/9ca657\">\n\t\t\t\t\t\t<span class=\"elementor-button-content-wrapper\">\n\t\t\t\t\t\t\t\t\t<span class=\"elementor-button-text\">quote insurance<\/span>\n\t\t\t\t\t<\/span>\n\t\t\t\t\t<\/a>\n\t\t\t\t<\/div>\n\t\t\t\t\t\t\t\t<\/div>\n\t\t\t\t<\/div>\n\t\t\t\t<\/div>\n\t\t\t\t<\/div>\n\t\t\t\t<\/div>","protected":false},"excerpt":{"rendered":"<p>\u00bfQui\u00e9nes somos? Nos distingue un enfoque exclusivo nuestra comunidad, lo que permite tener un profundo conocimiento del mercado local y ofrecer un servicio personalizado. Si est\u00e1s en Virginia y buscas un seguro que cubra tus necesidades personales o comerciales, somos la mejor opci\u00f3n. Nuestro compromiso con la satisfacci\u00f3n del cliente y su especializaci\u00f3n en el [&hellip;]<\/p>","protected":false},"author":1,"featured_media":0,"parent":0,"menu_order":0,"comment_status":"closed","ping_status":"closed","template":"","meta":{"footnotes":""},"class_list":["post-668","page","type-page","status-publish","hentry"],"yoast_head":"<!-- This site is optimized with the Yoast SEO plugin v27.4 - https:\/\/yoast.com\/product\/yoast-seo-wordpress\/ -->\n<title>Nosotros - Family Insurance Agency<\/title>\n<meta name=\"robots\" content=\"index, follow, max-snippet:-1, max-image-preview:large, max-video-preview:-1\" \/>\n<link rel=\"canonical\" href=\"https:\/\/familyinsuranceagencycorp.com\/en\/nosotros\/\" \/>\n<meta property=\"og:locale\" content=\"en_US\" \/>\n<meta property=\"og:type\" content=\"article\" \/>\n<meta property=\"og:title\" content=\"Nosotros - Family Insurance Agency\" \/>\n<meta property=\"og:description\" content=\"\u00bfQui\u00e9nes somos? Nos distingue un enfoque exclusivo nuestra comunidad, lo que permite tener un profundo conocimiento del mercado local y ofrecer un servicio personalizado. Si est\u00e1s en Virginia y buscas un seguro que cubra tus necesidades personales o comerciales, somos la mejor opci\u00f3n. Nuestro compromiso con la satisfacci\u00f3n del cliente y su especializaci\u00f3n en el [&hellip;]\" \/>\n<meta property=\"og:url\" content=\"https:\/\/familyinsuranceagencycorp.com\/en\/nosotros\/\" \/>\n<meta property=\"og:site_name\" content=\"Family Insurance Agency\" \/>\n<meta property=\"article:publisher\" content=\"https:\/\/www.facebook.com\/FamilyInsuranceAgency\" \/>\n<meta property=\"article:modified_time\" content=\"2024-11-24T23:47:51+00:00\" \/>\n<meta property=\"og:image\" content=\"https:\/\/familyinsuranceagencycorp.com\/wp-content\/uploads\/2024\/11\/CARROS.jpg\" \/>\n\t<meta property=\"og:image:width\" content=\"778\" \/>\n\t<meta property=\"og:image:height\" content=\"665\" \/>\n\t<meta property=\"og:image:type\" content=\"image\/jpeg\" \/>\n<meta name=\"twitter:card\" content=\"summary_large_image\" \/>\n<meta name=\"twitter:label1\" content=\"Est. reading time\" \/>\n\t<meta name=\"twitter:data1\" content=\"3 minutes\" \/>\n<script type=\"application\/ld+json\" class=\"yoast-schema-graph\">{\"@context\":\"https:\\\/\\\/schema.org\",\"@graph\":[{\"@type\":\"WebPage\",\"@id\":\"https:\\\/\\\/familyinsuranceagencycorp.com\\\/nosotros\\\/\",\"url\":\"https:\\\/\\\/familyinsuranceagencycorp.com\\\/nosotros\\\/\",\"name\":\"Nosotros - Family Insurance Agency\",\"isPartOf\":{\"@id\":\"https:\\\/\\\/familyinsuranceagencycorp.com\\\/#website\"},\"primaryImageOfPage\":{\"@id\":\"https:\\\/\\\/familyinsuranceagencycorp.com\\\/nosotros\\\/#primaryimage\"},\"image\":{\"@id\":\"https:\\\/\\\/familyinsuranceagencycorp.com\\\/nosotros\\\/#primaryimage\"},\"thumbnailUrl\":\"https:\\\/\\\/familyinsuranceagencycorp.com\\\/wp-content\\\/uploads\\\/2024\\\/11\\\/CARROS.jpg\",\"datePublished\":\"2024-10-26T23:30:09+00:00\",\"dateModified\":\"2024-11-24T23:47:51+00:00\",\"breadcrumb\":{\"@id\":\"https:\\\/\\\/familyinsuranceagencycorp.com\\\/nosotros\\\/#breadcrumb\"},\"inLanguage\":\"en-US\",\"potentialAction\":[{\"@type\":\"ReadAction\",\"target\":[\"https:\\\/\\\/familyinsuranceagencycorp.com\\\/nosotros\\\/\"]}]},{\"@type\":\"ImageObject\",\"inLanguage\":\"en-US\",\"@id\":\"https:\\\/\\\/familyinsuranceagencycorp.com\\\/nosotros\\\/#primaryimage\",\"url\":\"https:\\\/\\\/familyinsuranceagencycorp.com\\\/wp-content\\\/uploads\\\/2024\\\/11\\\/CARROS.jpg\",\"contentUrl\":\"https:\\\/\\\/familyinsuranceagencycorp.com\\\/wp-content\\\/uploads\\\/2024\\\/11\\\/CARROS.jpg\"},{\"@type\":\"BreadcrumbList\",\"@id\":\"https:\\\/\\\/familyinsuranceagencycorp.com\\\/nosotros\\\/#breadcrumb\",\"itemListElement\":[{\"@type\":\"ListItem\",\"position\":1,\"name\":\"Home\",\"item\":\"https:\\\/\\\/familyinsuranceagencycorp.com\\\/\"},{\"@type\":\"ListItem\",\"position\":2,\"name\":\"Nosotros\"}]},{\"@type\":\"WebSite\",\"@id\":\"https:\\\/\\\/familyinsuranceagencycorp.com\\\/#website\",\"url\":\"https:\\\/\\\/familyinsuranceagencycorp.com\\\/\",\"name\":\"Family Insurance Agency\",\"description\":\"Ofrecemos una amplia variedad de planes dise\u00f1ados para adaptarse a tus necesidades y presupuesto. \u00a1Cotiza ahora y protege lo que m\u00e1s te importa!\",\"publisher\":{\"@id\":\"https:\\\/\\\/familyinsuranceagencycorp.com\\\/#organization\"},\"potentialAction\":[{\"@type\":\"SearchAction\",\"target\":{\"@type\":\"EntryPoint\",\"urlTemplate\":\"https:\\\/\\\/familyinsuranceagencycorp.com\\\/?s={search_term_string}\"},\"query-input\":{\"@type\":\"PropertyValueSpecification\",\"valueRequired\":true,\"valueName\":\"search_term_string\"}}],\"inLanguage\":\"en-US\"},{\"@type\":\"Organization\",\"@id\":\"https:\\\/\\\/familyinsuranceagencycorp.com\\\/#organization\",\"name\":\"Family Insurance Agency\",\"url\":\"https:\\\/\\\/familyinsuranceagencycorp.com\\\/\",\"logo\":{\"@type\":\"ImageObject\",\"inLanguage\":\"en-US\",\"@id\":\"https:\\\/\\\/familyinsuranceagencycorp.com\\\/#\\\/schema\\\/logo\\\/image\\\/\",\"url\":\"https:\\\/\\\/familyinsuranceagencycorp.com\\\/wp-content\\\/uploads\\\/2024\\\/10\\\/LOGO-A-COLOR-e1729986581990.png\",\"contentUrl\":\"https:\\\/\\\/familyinsuranceagencycorp.com\\\/wp-content\\\/uploads\\\/2024\\\/10\\\/LOGO-A-COLOR-e1729986581990.png\",\"width\":362,\"height\":102,\"caption\":\"Family Insurance Agency\"},\"image\":{\"@id\":\"https:\\\/\\\/familyinsuranceagencycorp.com\\\/#\\\/schema\\\/logo\\\/image\\\/\"},\"sameAs\":[\"https:\\\/\\\/www.facebook.com\\\/FamilyInsuranceAgency\",\"https:\\\/\\\/www.instagram.com\\\/familyinsurancecorp\\\/\"]}]}<\/script>\n<!-- \/ Yoast SEO plugin. -->","yoast_head_json":{"title":"Nosotros - Family Insurance Agency","robots":{"index":"index","follow":"follow","max-snippet":"max-snippet:-1","max-image-preview":"max-image-preview:large","max-video-preview":"max-video-preview:-1"},"canonical":"https:\/\/familyinsuranceagencycorp.com\/en\/nosotros\/","og_locale":"en_US","og_type":"article","og_title":"Nosotros - Family Insurance Agency","og_description":"\u00bfQui\u00e9nes somos? Nos distingue un enfoque exclusivo nuestra comunidad, lo que permite tener un profundo conocimiento del mercado local y ofrecer un servicio personalizado. Si est\u00e1s en Virginia y buscas un seguro que cubra tus necesidades personales o comerciales, somos la mejor opci\u00f3n. Nuestro compromiso con la satisfacci\u00f3n del cliente y su especializaci\u00f3n en el [&hellip;]","og_url":"https:\/\/familyinsuranceagencycorp.com\/en\/nosotros\/","og_site_name":"Family Insurance Agency","article_publisher":"https:\/\/www.facebook.com\/FamilyInsuranceAgency","article_modified_time":"2024-11-24T23:47:51+00:00","og_image":[{"width":778,"height":665,"url":"https:\/\/familyinsuranceagencycorp.com\/wp-content\/uploads\/2024\/11\/CARROS.jpg","type":"image\/jpeg"}],"twitter_card":"summary_large_image","twitter_misc":{"Est. reading time":"3 minutes"},"schema":{"@context":"https:\/\/schema.org","@graph":[{"@type":"WebPage","@id":"https:\/\/familyinsuranceagencycorp.com\/nosotros\/","url":"https:\/\/familyinsuranceagencycorp.com\/nosotros\/","name":"Nosotros - Family Insurance Agency","isPartOf":{"@id":"https:\/\/familyinsuranceagencycorp.com\/#website"},"primaryImageOfPage":{"@id":"https:\/\/familyinsuranceagencycorp.com\/nosotros\/#primaryimage"},"image":{"@id":"https:\/\/familyinsuranceagencycorp.com\/nosotros\/#primaryimage"},"thumbnailUrl":"https:\/\/familyinsuranceagencycorp.com\/wp-content\/uploads\/2024\/11\/CARROS.jpg","datePublished":"2024-10-26T23:30:09+00:00","dateModified":"2024-11-24T23:47:51+00:00","breadcrumb":{"@id":"https:\/\/familyinsuranceagencycorp.com\/nosotros\/#breadcrumb"},"inLanguage":"en-US","potentialAction":[{"@type":"ReadAction","target":["https:\/\/familyinsuranceagencycorp.com\/nosotros\/"]}]},{"@type":"ImageObject","inLanguage":"en-US","@id":"https:\/\/familyinsuranceagencycorp.com\/nosotros\/#primaryimage","url":"https:\/\/familyinsuranceagencycorp.com\/wp-content\/uploads\/2024\/11\/CARROS.jpg","contentUrl":"https:\/\/familyinsuranceagencycorp.com\/wp-content\/uploads\/2024\/11\/CARROS.jpg"},{"@type":"BreadcrumbList","@id":"https:\/\/familyinsuranceagencycorp.com\/nosotros\/#breadcrumb","itemListElement":[{"@type":"ListItem","position":1,"name":"Home","item":"https:\/\/familyinsuranceagencycorp.com\/"},{"@type":"ListItem","position":2,"name":"Nosotros"}]},{"@type":"WebSite","@id":"https:\/\/familyinsuranceagencycorp.com\/#website","url":"https:\/\/familyinsuranceagencycorp.com\/","name":"Family Insurance Agency","description":"Ofrecemos una amplia variedad de planes dise\u00f1ados para adaptarse a tus necesidades y presupuesto. \u00a1Cotiza ahora y protege lo que m\u00e1s te importa!","publisher":{"@id":"https:\/\/familyinsuranceagencycorp.com\/#organization"},"potentialAction":[{"@type":"SearchAction","target":{"@type":"EntryPoint","urlTemplate":"https:\/\/familyinsuranceagencycorp.com\/?s={search_term_string}"},"query-input":{"@type":"PropertyValueSpecification","valueRequired":true,"valueName":"search_term_string"}}],"inLanguage":"en-US"},{"@type":"Organization","@id":"https:\/\/familyinsuranceagencycorp.com\/#organization","name":"Family Insurance Agency","url":"https:\/\/familyinsuranceagencycorp.com\/","logo":{"@type":"ImageObject","inLanguage":"en-US","@id":"https:\/\/familyinsuranceagencycorp.com\/#\/schema\/logo\/image\/","url":"https:\/\/familyinsuranceagencycorp.com\/wp-content\/uploads\/2024\/10\/LOGO-A-COLOR-e1729986581990.png","contentUrl":"https:\/\/familyinsuranceagencycorp.com\/wp-content\/uploads\/2024\/10\/LOGO-A-COLOR-e1729986581990.png","width":362,"height":102,"caption":"Family Insurance Agency"},"image":{"@id":"https:\/\/familyinsuranceagencycorp.com\/#\/schema\/logo\/image\/"},"sameAs":["https:\/\/www.facebook.com\/FamilyInsuranceAgency","https:\/\/www.instagram.com\/familyinsurancecorp\/"]}]}},"_links":{"self":[{"href":"https:\/\/familyinsuranceagencycorp.com\/en\/wp-json\/wp\/v2\/pages\/668","targetHints":{"allow":["GET"]}}],"collection":[{"href":"https:\/\/familyinsuranceagencycorp.com\/en\/wp-json\/wp\/v2\/pages"}],"about":[{"href":"https:\/\/familyinsuranceagencycorp.com\/en\/wp-json\/wp\/v2\/types\/page"}],"author":[{"embeddable":true,"href":"https:\/\/familyinsuranceagencycorp.com\/en\/wp-json\/wp\/v2\/users\/1"}],"replies":[{"embeddable":true,"href":"https:\/\/familyinsuranceagencycorp.com\/en\/wp-json\/wp\/v2\/comments?post=668"}],"version-history":[{"count":20,"href":"https:\/\/familyinsuranceagencycorp.com\/en\/wp-json\/wp\/v2\/pages\/668\/revisions"}],"predecessor-version":[{"id":1138,"href":"https:\/\/familyinsuranceagencycorp.com\/en\/wp-json\/wp\/v2\/pages\/668\/revisions\/1138"}],"wp:attachment":[{"href":"https:\/\/familyinsuranceagencycorp.com\/en\/wp-json\/wp\/v2\/media?parent=668"}],"curies":[{"name":"wp","href":"https:\/\/api.w.org\/{rel}","templated":true}]}}